{"id":44,"date":"2025-05-05T08:06:55","date_gmt":"2025-05-05T08:06:55","guid":{"rendered":"https:\/\/emeraldeventsdecor.al\/?page_id=44"},"modified":"2025-05-05T09:37:34","modified_gmt":"2025-05-05T09:37:34","slug":"unsere-dienstleistungen","status":"publish","type":"page","link":"https:\/\/emeraldeventsdecor.al\/de\/sherbimet-tona\/","title":{"rendered":"Unsere Dienstleistungen"},"content":{"rendered":"<div data-elementor-type=\"wp-post\" data-elementor-id=\"44\" class=\"elementor elementor-44\">\n\t\t\t\t<div class=\"elementor-element elementor-element-7e1aeef e-flex e-con-boxed e-con e-parent\" data-id=\"7e1aeef\" data-element_type=\"container\" data-settings=\"{&quot;background_background&quot;:&quot;classic&quot;,&quot;shape_divider_bottom&quot;:&quot;waves&quot;}\">\n\t\t\t\t\t<div class=\"e-con-inner\">\n\t\t\t\t<div class=\"elementor-shape elementor-shape-bottom\" data-negative=\"false\">\n\t\t\t<svg xmlns=\"http:\/\/www.w3.org\/2000\/svg\" viewbox=\"0 0 1000 100\" preserveaspectratio=\"none\">\n\t<path class=\"elementor-shape-fill\" d=\"M421.9,6.5c22.6-2.5,51.5,0.4,75.5,5.3c23.6,4.9,70.9,23.5,100.5,35.7c75.8,32.2,133.7,44.5,192.6,49.7\tc23.6,2.1,48.7,3.5,103.4-2.5c54.7-6,106.2-25.6,106.2-25.6V0H0v30.3c0,0,72,32.6,158.4,30.5c39.2-0.7,92.8-6.7,134-22.4\tc21.2-8.1,52.2-18.2,79.7-24.2C399.3,7.9,411.6,7.5,421.9,6.5z\"\/>\n<\/svg>\t\t<\/div>\n\t\t<div class=\"elementor-element elementor-element-1ad65e5 e-con-full e-flex e-con e-child\" data-id=\"1ad65e5\" data-element_type=\"container\">\n\t\t\t\t<div class=\"elementor-element elementor-element-7a97903 elementor-widget elementor-widget-heading\" data-id=\"7a97903\" data-element_type=\"widget\" data-widget_type=\"heading.default\">\n\t\t\t\t<div class=\"elementor-widget-container\">\n\t\t\t\t\t<h1 class=\"elementor-heading-title elementor-size-default\">Unsere Dienstleistungen<\/h1>\t\t\t\t<\/div>\n\t\t\t\t<\/div>\n\t\t\t\t<\/div>\n\t\t\t\t\t<\/div>\n\t\t\t\t<\/div>\n\t\t<div class=\"elementor-element elementor-element-f314c20 e-flex e-con-boxed e-con e-parent\" data-id=\"f314c20\" data-element_type=\"container\">\n\t\t\t\t\t<div class=\"e-con-inner\">\n\t\t<div class=\"elementor-element elementor-element-abca8a0 e-con-full e-flex e-con e-child\" data-id=\"abca8a0\" data-element_type=\"container\">\n\t\t\t\t<div class=\"elementor-element elementor-element-3bef64c elementor-widget elementor-widget-image-box\" data-id=\"3bef64c\" data-element_type=\"widget\" data-widget_type=\"image-box.default\">\n\t\t\t\t<div class=\"elementor-widget-container\">\n\t\t\t\t\t<div class=\"elementor-image-box-wrapper\"><div class=\"elementor-image-box-content\"><h2 class=\"elementor-image-box-title\">Wir sind Experten<\/h2><p class=\"elementor-image-box-description\">Zu den Dienstleistungen von Emerald Events Decor geh\u00f6ren\n<\/p><\/div><\/div>\t\t\t\t<\/div>\n\t\t\t\t<\/div>\n\t\t<div class=\"elementor-element elementor-element-7ad993d e-con-full e-flex e-con e-child\" data-id=\"7ad993d\" data-element_type=\"container\">\n\t\t<div class=\"elementor-element elementor-element-bcc6f5f e-con-full e-flex e-con e-child\" data-id=\"bcc6f5f\" data-element_type=\"container\" data-settings=\"{&quot;background_background&quot;:&quot;classic&quot;}\">\n\t\t\t\t<div class=\"elementor-element elementor-element-7c988f7 elementor-widget elementor-widget-image-box\" data-id=\"7c988f7\" data-element_type=\"widget\" data-widget_type=\"image-box.default\">\n\t\t\t\t<div class=\"elementor-widget-container\">\n\t\t\t\t\t<div class=\"elementor-image-box-wrapper\"><div class=\"elementor-image-box-content\"><h4 class=\"elementor-image-box-title\">Dekorationen<\/h4><p class=\"elementor-image-box-description\">Elegante, kreative und individuell gestaltete Dekorationen f\u00fcr jede Art von besonderen Anl\u00e4ssen.\n\n<\/p><\/div><\/div>\t\t\t\t<\/div>\n\t\t\t\t<\/div>\n\t\t\t\t<\/div>\n\t\t<div class=\"elementor-element elementor-element-bbe88cf e-con-full e-flex e-con e-child\" data-id=\"bbe88cf\" data-element_type=\"container\" data-settings=\"{&quot;background_background&quot;:&quot;classic&quot;}\">\n\t\t\t\t<div class=\"elementor-element elementor-element-8e56289 elementor-widget elementor-widget-image-box\" data-id=\"8e56289\" data-element_type=\"widget\" data-widget_type=\"image-box.default\">\n\t\t\t\t<div class=\"elementor-widget-container\">\n\t\t\t\t\t<div class=\"elementor-image-box-wrapper\"><div class=\"elementor-image-box-content\"><h4 class=\"elementor-image-box-title\">Veranstaltungsorganisation<\/h4><p class=\"elementor-image-box-description\">Komplette Veranstaltungsorganisation: Veranstaltungsort, Fotografie, Videografie und weitere Details.\n\n<\/p><\/div><\/div>\t\t\t\t<\/div>\n\t\t\t\t<\/div>\n\t\t\t\t<\/div>\n\t\t<div class=\"elementor-element elementor-element-aaa6433 e-con-full e-flex e-con e-child\" data-id=\"aaa6433\" data-element_type=\"container\" data-settings=\"{&quot;background_background&quot;:&quot;classic&quot;}\">\n\t\t\t\t<div class=\"elementor-element elementor-element-a5f8fb0 elementor-widget elementor-widget-image-box\" data-id=\"a5f8fb0\" data-element_type=\"widget\" data-widget_type=\"image-box.default\">\n\t\t\t\t<div class=\"elementor-widget-container\">\n\t\t\t\t\t<div class=\"elementor-image-box-wrapper\"><div class=\"elementor-image-box-content\"><h4 class=\"elementor-image-box-title\">Licht und Ton<\/h4><p class=\"elementor-image-box-description\">Professionelle Licht- und Tontechnik, die eine zauberhafte Atmosph\u00e4re und unvergessliche Erlebnisse schafft.\n<\/p><\/div><\/div>\t\t\t\t<\/div>\n\t\t\t\t<\/div>\n\t\t\t\t<\/div>\n\t\t\t\t<\/div>\n\t\t<div class=\"elementor-element elementor-element-8fcd710 e-con-full e-flex e-con e-child\" data-id=\"8fcd710\" data-element_type=\"container\">\n\t\t<div class=\"elementor-element elementor-element-c58633d e-con-full e-flex e-con e-child\" data-id=\"c58633d\" data-element_type=\"container\" data-settings=\"{&quot;background_background&quot;:&quot;classic&quot;}\">\n\t\t\t\t<div class=\"elementor-element elementor-element-ef84314 elementor-widget elementor-widget-image-box\" data-id=\"ef84314\" data-element_type=\"widget\" data-widget_type=\"image-box.default\">\n\t\t\t\t<div class=\"elementor-widget-container\">\n\t\t\t\t\t<div class=\"elementor-image-box-wrapper\"><div class=\"elementor-image-box-content\"><h4 class=\"elementor-image-box-title\">Festliche Dekorationen<\/h4><p class=\"elementor-image-box-description\">Festliche Dekorationen mit Luftballons und Blumen, die Farbe und Freude in Ihre Veranstaltung bringen.<\/p><\/div><\/div>\t\t\t\t<\/div>\n\t\t\t\t<\/div>\n\t\t\t\t<\/div>\n\t\t<div class=\"elementor-element elementor-element-19e7006 e-con-full e-flex e-con e-child\" data-id=\"19e7006\" data-element_type=\"container\" data-settings=\"{&quot;background_background&quot;:&quot;classic&quot;}\">\n\t\t\t\t<div class=\"elementor-element elementor-element-28b8adb elementor-widget elementor-widget-image-box\" data-id=\"28b8adb\" data-element_type=\"widget\" data-widget_type=\"image-box.default\">\n\t\t\t\t<div class=\"elementor-widget-container\">\n\t\t\t\t\t<div class=\"elementor-image-box-wrapper\"><div class=\"elementor-image-box-content\"><h4 class=\"elementor-image-box-title\">Veranstaltungsorganisation<\/h4><p class=\"elementor-image-box-description\">Umfassende Betreuung w\u00e4hrend der gesamten Veranstaltung f\u00fcr einen reibungslosen und perfekten Ablauf.\n\n<\/p><\/div><\/div>\t\t\t\t<\/div>\n\t\t\t\t<\/div>\n\t\t\t\t<\/div>\n\t\t<div class=\"elementor-element elementor-element-939d8f4 e-con-full e-flex e-con e-child\" data-id=\"939d8f4\" data-element_type=\"container\" data-settings=\"{&quot;background_background&quot;:&quot;classic&quot;}\">\n\t\t\t\t<div class=\"elementor-element elementor-element-eb3e00a elementor-widget elementor-widget-image-box\" data-id=\"eb3e00a\" data-element_type=\"widget\" data-widget_type=\"image-box.default\">\n\t\t\t\t<div class=\"elementor-widget-container\">\n\t\t\t\t\t<div class=\"elementor-image-box-wrapper\"><div class=\"elementor-image-box-content\"><h4 class=\"elementor-image-box-title\">Konfetti<\/h4><p class=\"elementor-image-box-description\">Wundersch\u00f6nes und originelles Konfetti, das Ihrer Veranstaltung eine fr\u00f6hliche Note verleiht.<\/p><\/div><\/div>\t\t\t\t<\/div>\n\t\t\t\t<\/div>\n\t\t\t\t<\/div>\n\t\t\t\t<\/div>\n\t\t\t\t<\/div>\n\t\t\t\t\t<\/div>\n\t\t\t\t<\/div>\n\t\t<div class=\"elementor-element elementor-element-25974ec e-flex e-con-boxed e-con e-parent\" data-id=\"25974ec\" data-element_type=\"container\" data-settings=\"{&quot;background_background&quot;:&quot;classic&quot;}\">\n\t\t\t\t\t<div class=\"e-con-inner\">\n\t\t<div class=\"elementor-element elementor-element-b245a9a e-con-full e-flex e-con e-child\" data-id=\"b245a9a\" data-element_type=\"container\">\n\t\t\t\t<div class=\"elementor-element elementor-element-d815b89 elementor-widget elementor-widget-image\" data-id=\"d815b89\" data-element_type=\"widget\" data-widget_type=\"image.default\">\n\t\t\t\t<div class=\"elementor-widget-container\">\n\t\t\t\t\t\t\t\t\t\t\t\t\t\t\t<img fetchpriority=\"high\" decoding=\"async\" width=\"280\" height=\"280\" src=\"https:\/\/emeraldeventsdecor.al\/wp-content\/uploads\/2020\/05\/sale-badge.png\" class=\"attachment-full size-full wp-image-1211\" alt=\"\" \/>\t\t\t\t\t\t\t\t\t\t\t\t\t\t\t<\/div>\n\t\t\t\t<\/div>\n\t\t\t\t<\/div>\n\t\t<div class=\"elementor-element elementor-element-d7b0e17 e-con-full e-flex e-con e-child\" data-id=\"d7b0e17\" data-element_type=\"container\">\n\t\t\t\t<div class=\"elementor-element elementor-element-ce51138 elementor-vertical-align-middle elementor-widget elementor-widget-image-box\" data-id=\"ce51138\" data-element_type=\"widget\" data-widget_type=\"image-box.default\">\n\t\t\t\t<div class=\"elementor-widget-container\">\n\t\t\t\t\t<div class=\"elementor-image-box-wrapper\"><div class=\"elementor-image-box-content\"><h2 class=\"elementor-image-box-title\">25 % Rabatt mit dem Code %<\/h2><p class=\"elementor-image-box-description\">Rufen Sie uns an und profitieren Sie von einem Rabatt von 25% auf unsere Dekorationsdienstleistungen.<\/p><\/div><\/div>\t\t\t\t<\/div>\n\t\t\t\t<\/div>\n\t\t\t\t<\/div>\n\t\t<div class=\"elementor-element elementor-element-38b59a4 e-con-full e-flex e-con e-child\" data-id=\"38b59a4\" data-element_type=\"container\">\n\t\t\t\t<div class=\"elementor-element elementor-element-524e474 elementor-align-right elementor-tablet-align-center elementor-mobile-align-center elementor-widget elementor-widget-button\" data-id=\"524e474\" data-element_type=\"widget\" data-widget_type=\"button.default\">\n\t\t\t\t<div class=\"elementor-widget-container\">\n\t\t\t\t\t\t\t\t\t<div class=\"elementor-button-wrapper\">\n\t\t\t\t\t<a class=\"elementor-button elementor-button-link elementor-size-sm\" href=\"#\">\n\t\t\t\t\t\t<span class=\"elementor-button-content-wrapper\">\n\t\t\t\t\t\t\t\t\t<span class=\"elementor-button-text\">Rufen Sie uns an<\/span>\n\t\t\t\t\t<\/span>\n\t\t\t\t\t<\/a>\n\t\t\t\t<\/div>\n\t\t\t\t\t\t\t\t<\/div>\n\t\t\t\t<\/div>\n\t\t\t\t<\/div>\n\t\t\t\t\t<\/div>\n\t\t\t\t<\/div>\n\t\t<div class=\"elementor-element elementor-element-d51cbdf e-flex e-con-boxed e-con e-parent\" data-id=\"d51cbdf\" data-element_type=\"container\">\n\t\t\t\t\t<div class=\"e-con-inner\">\n\t\t<div class=\"elementor-element elementor-element-430a77a e-con-full e-flex e-con e-child\" data-id=\"430a77a\" data-element_type=\"container\">\n\t\t\t\t<div class=\"elementor-element elementor-element-bf69b65 elementor-arrows-position-inside elementor-widget elementor-widget-image-carousel\" data-id=\"bf69b65\" data-element_type=\"widget\" data-settings=\"{&quot;slides_to_show&quot;:&quot;1&quot;,&quot;navigation&quot;:&quot;arrows&quot;,&quot;autoplay&quot;:&quot;yes&quot;,&quot;pause_on_hover&quot;:&quot;yes&quot;,&quot;pause_on_interaction&quot;:&quot;yes&quot;,&quot;autoplay_speed&quot;:5000,&quot;infinite&quot;:&quot;yes&quot;,&quot;effect&quot;:&quot;slide&quot;,&quot;speed&quot;:500}\" data-widget_type=\"image-carousel.default\">\n\t\t\t\t<div class=\"elementor-widget-container\">\n\t\t\t\t\t\t\t<div class=\"elementor-image-carousel-wrapper swiper\" role=\"region\" aria-roledescription=\"carousel\" aria-label=\"Bildkarussell\" dir=\"ltr\">\n\t\t\t<div class=\"elementor-image-carousel swiper-wrapper\" aria-live=\"off\">\n\t\t\t\t\t\t\t\t<div class=\"swiper-slide\" role=\"group\" aria-roledescription=\"slide\" aria-label=\"1 di 1\"><figure class=\"swiper-slide-inner\"><img decoding=\"async\" class=\"swiper-slide-image\" src=\"https:\/\/emeraldeventsdecor.al\/wp-content\/uploads\/2025\/05\/coral-theme-te.webp\" alt=\"coral-theme-te\" \/><\/figure><\/div>\t\t\t<\/div>\n\t\t\t\t\t<\/div>\n\t\t\t\t\t\t<\/div>\n\t\t\t\t<\/div>\n\t\t\t\t<\/div>\n\t\t<div class=\"elementor-element elementor-element-2b3ed7a e-con-full e-flex e-con e-child\" data-id=\"2b3ed7a\" data-element_type=\"container\">\n\t\t\t\t<div class=\"elementor-element elementor-element-09cd193 elementor-vertical-align-top elementor-widget elementor-widget-image-box\" data-id=\"09cd193\" data-element_type=\"widget\" data-widget_type=\"image-box.default\">\n\t\t\t\t<div class=\"elementor-widget-container\">\n\t\t\t\t\t<div class=\"elementor-image-box-wrapper\"><div class=\"elementor-image-box-content\"><h2 class=\"elementor-image-box-title\">Kontakt und Beratung<\/h2><p class=\"elementor-image-box-description\">Beginnen Sie mit einem ausf\u00fchrlichen Gespr\u00e4ch mit dem Kunden, um dessen Bed\u00fcrfnisse und W\u00fcnsche zu erfassen, darunter die Art der Veranstaltung, das Datum, das Budget und die Vorlieben.<\/p><\/div><\/div>\t\t\t\t<\/div>\n\t\t\t\t<\/div>\n\t\t\t\t<div class=\"elementor-element elementor-element-d76e9de elementor-vertical-align-middle elementor-widget elementor-widget-image-box\" data-id=\"d76e9de\" data-element_type=\"widget\" data-widget_type=\"image-box.default\">\n\t\t\t\t<div class=\"elementor-widget-container\">\n\t\t\t\t\t<div class=\"elementor-image-box-wrapper\"><div class=\"elementor-image-box-content\"><h4 class=\"elementor-image-box-title\">Planung und Anpassung von Details<\/h4><p class=\"elementor-image-box-description\">Erstellen Sie einen detaillierten Plan, der den Veranstaltungsort, die Dekoration, die Musik, die Fotografie und alle weiteren Aspekte der Veranstaltung umfasst. Dazu geh\u00f6rt auch die Organisation von Dienstleistungen wie Catering, Beleuchtung und Ton.<\/p><\/div><\/div>\t\t\t\t<\/div>\n\t\t\t\t<\/div>\n\t\t\t\t<div class=\"elementor-element elementor-element-2f92a5e elementor-vertical-align-middle elementor-widget elementor-widget-image-box\" data-id=\"2f92a5e\" data-element_type=\"widget\" data-widget_type=\"image-box.default\">\n\t\t\t\t<div class=\"elementor-widget-container\">\n\t\t\t\t\t<div class=\"elementor-image-box-wrapper\"><div class=\"elementor-image-box-content\"><h4 class=\"elementor-image-box-title\">Durchf\u00fchrung der Veranstaltung<\/h4><p class=\"elementor-image-box-description\">Sobald alle Details geplant sind, f\u00fchren Sie die Veranstaltung am vereinbarten Tag durch und sorgen Sie daf\u00fcr, dass alles wie geplant verl\u00e4uft.<\/p><\/div><\/div>\t\t\t\t<\/div>\n\t\t\t\t<\/div>\n\t\t\t\t<div class=\"elementor-element elementor-element-22f183b elementor-vertical-align-middle elementor-widget elementor-widget-image-box\" data-id=\"22f183b\" data-element_type=\"widget\" data-widget_type=\"image-box.default\">\n\t\t\t\t<div class=\"elementor-widget-container\">\n\t\t\t\t\t<div class=\"elementor-image-box-wrapper\"><div class=\"elementor-image-box-content\"><h4 class=\"elementor-image-box-title\">Abschluss und Bewertung<\/h4><p class=\"elementor-image-box-description\">Stellen Sie nach Abschluss der Veranstaltung sicher, dass alle Details perfekt abgewickelt sind. Dazu geh\u00f6ren das Aufr\u00e4umen, die Bereitstellung von Materialien wie Fotos und Videos sowie das Einholen von Feedback vom Kunden, um Ihren Service in Zukunft zu verbessern.<\/p><\/div><\/div>\t\t\t\t<\/div>\n\t\t\t\t<\/div>\n\t\t\t\t<\/div>\n\t\t\t\t\t<\/div>\n\t\t\t\t<\/div>\n\t\t\t\t<\/div>","protected":false},"excerpt":{"rendered":"<p>Sherbimet tona Ne jemi ekspert Sh\u00ebrbimet e ofruara nga Emerald Events Decor p\u00ebrfshijn\u00eb Dekorime Dekorime elegante, kreative dhe t\u00eb personalizuara q\u00eb p\u00ebrshtaten me \u00e7do lloj eventi t\u00eb ve\u00e7ant\u00eb. Organizim Eventesh Organizim i plot\u00eb eventesh: vendndodhje, fotografi, videografi dhe detaje t\u00eb tjera. Ndri\u00e7im dhe Foni Ndri\u00e7im dhe foni profesionale q\u00eb krijojn\u00eb atmosfer\u00eb magjike dhe p\u00ebrjetime t\u00eb [&hellip;]<\/p>\n","protected":false},"author":1,"featured_media":0,"parent":0,"menu_order":0,"comment_status":"closed","ping_status":"closed","template":"","meta":{"site-sidebar-layout":"no-sidebar","site-content-layout":"page-builder","ast-site-content-layout":"full-width-container","site-content-style":"unboxed","site-sidebar-style":"unboxed","ast-global-header-display":"","ast-banner-title-visibility":"","ast-main-header-display":"","ast-hfb-above-header-display":"","ast-hfb-below-header-display":"","ast-hfb-mobile-header-display":"","site-post-title":"disabled","ast-breadcrumbs-content":"","ast-featured-img":"disabled","footer-sml-layout":"","theme-transparent-header-meta":"enabled","adv-header-id-meta":"","stick-header-meta":"","header-above-stick-meta":"","header-main-stick-meta":"","header-below-stick-meta":"","astra-migrate-meta-layouts":"set","ast-page-background-enabled":"default","ast-page-background-meta":{"desktop":{"background-color":"","background-image":"","background-repeat":"repeat","background-position":"center center","background-size":"auto","background-attachment":"scroll","background-type":"","background-media":"","overlay-type":"","overlay-color":"","overlay-opacity":"","overlay-gradient":""},"tablet":{"background-color":"","background-image":"","background-repeat":"repeat","background-position":"center center","background-size":"auto","background-attachment":"scroll","background-type":"","background-media":"","overlay-type":"","overlay-color":"","overlay-opacity":"","overlay-gradient":""},"mobile":{"background-color":"","background-image":"","background-repeat":"repeat","background-position":"center center","background-size":"auto","background-attachment":"scroll","background-type":"","background-media":"","overlay-type":"","overlay-color":"","overlay-opacity":"","overlay-gradient":""}},"ast-content-background-meta":{"desktop":{"background-color":"var(--ast-global-color-5)","background-image":"","background-repeat":"repeat","background-position":"center center","background-size":"auto","background-attachment":"scroll","background-type":"","background-media":"","overlay-type":"","overlay-color":"","overlay-opacity":"","overlay-gradient":""},"tablet":{"background-color":"var(--ast-global-color-5)","background-image":"","background-repeat":"repeat","background-position":"center center","background-size":"auto","background-attachment":"scroll","background-type":"","background-media":"","overlay-type":"","overlay-color":"","overlay-opacity":"","overlay-gradient":""},"mobile":{"background-color":"var(--ast-global-color-5)","background-image":"","background-repeat":"repeat","background-position":"center center","background-size":"auto","background-attachment":"scroll","background-type":"","background-media":"","overlay-type":"","overlay-color":"","overlay-opacity":"","overlay-gradient":""}},"footnotes":""},"class_list":["post-44","page","type-page","status-publish","hentry"],"aioseo_notices":[],"_links":{"self":[{"href":"https:\/\/emeraldeventsdecor.al\/de\/wp-json\/wp\/v2\/pages\/44","targetHints":{"allow":["GET"]}}],"collection":[{"href":"https:\/\/emeraldeventsdecor.al\/de\/wp-json\/wp\/v2\/pages"}],"about":[{"href":"https:\/\/emeraldeventsdecor.al\/de\/wp-json\/wp\/v2\/types\/page"}],"author":[{"embeddable":true,"href":"https:\/\/emeraldeventsdecor.al\/de\/wp-json\/wp\/v2\/users\/1"}],"replies":[{"embeddable":true,"href":"https:\/\/emeraldeventsdecor.al\/de\/wp-json\/wp\/v2\/comments?post=44"}],"version-history":[{"count":7,"href":"https:\/\/emeraldeventsdecor.al\/de\/wp-json\/wp\/v2\/pages\/44\/revisions"}],"predecessor-version":[{"id":2000,"href":"https:\/\/emeraldeventsdecor.al\/de\/wp-json\/wp\/v2\/pages\/44\/revisions\/2000"}],"wp:attachment":[{"href":"https:\/\/emeraldeventsdecor.al\/de\/wp-json\/wp\/v2\/media?parent=44"}],"curies":[{"name":"WordPress","href":"https:\/\/api.w.org\/{rel}","templated":true}]}}